{"id":150,"date":"2013-03-20T17:41:38","date_gmt":"2013-03-20T17:41:38","guid":{"rendered":"http:\/\/moninalopez.com.ar\/?page_id=150"},"modified":"2013-09-12T15:41:22","modified_gmt":"2013-09-12T15:41:22","slug":"el-argentino-farm-club","status":"publish","type":"page","link":"https:\/\/moninalopez.com.ar\/?page_id=150","title":{"rendered":"El Argentino Farm Club"},"content":{"rendered":"<h5>El Argentino Farm Club<\/h5>\n<p>Barrio de chacras de 1 ha. a 5 has. construido sobre una superficie total de 408 has. Cuenta con una a\u00f1osa arboleda y amplios espacios verdes que permiten disfrutar de uno de los haras m\u00e1s tradicionales del pa\u00eds.<\/p>\n<div style=\"margin:30px 0 0 0;\"><\/div>\n<h6><a href=\"?location=el-argentino-farm-club&#038;property-category=en-venta\">Casas y terrenos en venta<\/a><\/h6>\n<h6><a href=\"?location=el-argentino-farm-club&#038;property-category=en-alquiler\">Casas y terrenos en alquiler<\/a><\/h6>\n<h6>Servicios, Infraestructura y Deportes<\/h6>\n<p>\u2022  Pintoresco Club House.<br \/>\n\u2022  Canchas de polo.<br \/>\n\u2022  Equitaci\u00f3n.<br \/>\n\u2022  Senderos ecuestres.<br \/>\n\u2022  Pileta de nataci\u00f3n.<br \/>\n\u2022  Cancha de f\u00fatbol.<br \/>\n\u2022  Seguridad.<br \/>\n\u2022  Electricidad.<br \/>\n\u2022  Alambrado perimetral.<br \/>\n\u2022  Gas natural.<\/p>\n<div style=\"margin:30px 0 0 0;\"><\/div>\n<h6>Ubicaci\u00f3n<\/h6>\n<p><iframe loading=\"lazy\" width=\"100%\" height=\"300\" frameborder=\"0\" scrolling=\"no\" marginheight=\"0\" marginwidth=\"0\" src=\"https:\/\/maps.google.com.ar\/maps\/ms?msa=0&amp;msid=209953901973243859092.0004d860019255000d62f&amp;ie=UTF8&amp;t=h&amp;ll=-34.535233,-59.109793&amp;spn=0.010606,0.019269&amp;z=15&amp;output=embed\"><\/iframe><br \/><small>Ver <a href=\"https:\/\/maps.google.com.ar\/maps\/ms?msa=0&amp;msid=209953901973243859092.0004d860019255000d62f&amp;ie=UTF8&amp;t=h&amp;ll=-34.535233,-59.109793&amp;spn=0.010606,0.019269&amp;z=15&amp;source=embed\" style=\"color:#0000FF;text-align:left\">El Argentino<\/a> en un mapa m\u00e1s grande<\/small><\/p>\n<div style=\"margin:30px 0 0 0;\"><\/div>\n<h6><a href=\"?page_id=134\">Volver<\/a><\/h6>\n","protected":false},"excerpt":{"rendered":"<p>El Argentino Farm Club Barrio de chacras de 1 ha. a 5 has. construido sobre una superficie total de 408 has. Cuenta con una a\u00f1osa arboleda y amplios espacios verdes que permiten disfrutar de uno de los haras m\u00e1s tradicionales del pa\u00eds. Casas y terrenos en venta Casas y terrenos en alquiler Servicios, Infraestructura y <a class=\"moretag\" href=\"https:\/\/moninalopez.com.ar\/?page_id=150\">&rarr; M\u00e1s info<\/a><\/p>\n","protected":false},"author":1,"featured_media":0,"parent":0,"menu_order":0,"comment_status":"closed","ping_status":"closed","template":"","meta":{"footnotes":""},"class_list":["post-150","page","type-page","status-publish","hentry"],"_links":{"self":[{"href":"https:\/\/moninalopez.com.ar\/index.php?rest_route=\/wp\/v2\/pages\/150","targetHints":{"allow":["GET"]}}],"collection":[{"href":"https:\/\/moninalopez.com.ar\/index.php?rest_route=\/wp\/v2\/pages"}],"about":[{"href":"https:\/\/moninalopez.com.ar\/index.php?rest_route=\/wp\/v2\/types\/page"}],"author":[{"embeddable":true,"href":"https:\/\/moninalopez.com.ar\/index.php?rest_route=\/wp\/v2\/users\/1"}],"replies":[{"embeddable":true,"href":"https:\/\/moninalopez.com.ar\/index.php?rest_route=%2Fwp%2Fv2%2Fcomments&post=150"}],"version-history":[{"count":18,"href":"https:\/\/moninalopez.com.ar\/index.php?rest_route=\/wp\/v2\/pages\/150\/revisions"}],"predecessor-version":[{"id":677,"href":"https:\/\/moninalopez.com.ar\/index.php?rest_route=\/wp\/v2\/pages\/150\/revisions\/677"}],"wp:attachment":[{"href":"https:\/\/moninalopez.com.ar\/index.php?rest_route=%2Fwp%2Fv2%2Fmedia&parent=150"}],"curies":[{"name":"wp","href":"https:\/\/api.w.org\/{rel}","templated":true}]}}