{"id":193,"date":"2013-03-20T19:01:35","date_gmt":"2013-03-20T19:01:35","guid":{"rendered":"http:\/\/moninalopez.com.ar\/?page_id=193"},"modified":"2013-09-12T15:45:05","modified_gmt":"2013-09-12T15:45:05","slug":"los-puentes-club-de-campo","status":"publish","type":"page","link":"https:\/\/moninalopez.com.ar\/?page_id=193","title":{"rendered":"Los Puentes Club de Campo"},"content":{"rendered":"<h5>Los Puentes Club de Campo<\/h5>\n<p>Encontrar\u00e1 en Los Puentes todo aquello que desea brindarle a su familia. Esta es una nueva concepci\u00f3n en emprendimientos inmobiliarios, con mejor ubicaci\u00f3n y un acceso inmejorable.<br \/>\nToda la tranquilidad del campo, la seguridad de vivir libre de presiones, rodeado por la naturaleza, es un entorno sano donde poder contemplar todas las puestas del sol.<\/p>\n<div style=\"margin:30px 0 0 0;\"><\/div>\n<h6><a href=\"?location=los-puentes-club-de-campo&#038;property-category=en-venta\">Casas y terrenos en venta<\/a><\/h6>\n<h6><a href=\"?location=los-puentes-club-de-campo&#038;property-category=en-alquiler\">Casas y terrenos en alquiler<\/a><\/h6>\n<h6>Servicios, Infraestructura y Deportes<\/h6>\n<p>\u2022  Club House.<br \/>\n\u2022  Canchas de Tenis y F\u00fatbol.<br \/>\n\u2022  Pileta y Gimnasio. Vestuarios.<br \/>\n\u2022  Play-room y Juegos para ni\u00f1os.<br \/>\n\u2022  Restaurante y Sal\u00f3n de T\u00e9.<br \/>\n\u2022  Gas natural y Agua Corriente.<br \/>\n\u2022  Desag\u00fce con planta de tratamiento de l\u00edquidos efluentes.<br \/>\n\u2022  Cerco Perimetral y Seguridad.<br \/>\n\u2022  Pavimento asf\u00e1ltico.<br \/>\n\u2022  Alumbrado p\u00fablico.<\/p>\n<div style=\"margin:30px 0 0 0;\"><\/div>\n<h6>Ubicaci\u00f3n<\/h6>\n<p><iframe loading=\"lazy\" width=\"100%\" height=\"300\" frameborder=\"0\" scrolling=\"no\" marginheight=\"0\" marginwidth=\"0\" src=\"https:\/\/maps.google.com.ar\/maps\/ms?msa=0&amp;msid=209953901973243859092.0004d860019255000d62f&amp;ie=UTF8&amp;t=h&amp;ll=-34.571179,-59.023619&amp;spn=0.012368,0.018239&amp;z=15&amp;output=embed\"><\/iframe><br \/><small>View <a href=\"https:\/\/maps.google.com.ar\/maps\/ms?msa=0&amp;msid=209953901973243859092.0004d860019255000d62f&amp;ie=UTF8&amp;t=h&amp;ll=-34.571179,-59.023619&amp;spn=0.012368,0.018239&amp;z=15&amp;source=embed\" style=\"color:#0000FF;text-align:left\">Los Puentes<\/a> in a larger map<\/small><\/p>\n<div style=\"margin:30px 0 0 0;\"><\/div>\n<h6><a href=\"?page_id=134\">Volver<\/a><\/h6>\n","protected":false},"excerpt":{"rendered":"<p>Los Puentes Club de Campo Encontrar\u00e1 en Los Puentes todo aquello que desea brindarle a su familia. Esta es una nueva concepci\u00f3n en emprendimientos inmobiliarios, con mejor ubicaci\u00f3n y un acceso inmejorable. Toda la tranquilidad del campo, la seguridad de vivir libre de presiones, rodeado por la naturaleza, es un entorno sano donde poder contemplar <a class=\"moretag\" href=\"https:\/\/moninalopez.com.ar\/?page_id=193\">&rarr; M\u00e1s info<\/a><\/p>\n","protected":false},"author":1,"featured_media":0,"parent":0,"menu_order":0,"comment_status":"closed","ping_status":"closed","template":"","meta":{"footnotes":""},"class_list":["post-193","page","type-page","status-publish","hentry"],"_links":{"self":[{"href":"https:\/\/moninalopez.com.ar\/index.php?rest_route=\/wp\/v2\/pages\/193","targetHints":{"allow":["GET"]}}],"collection":[{"href":"https:\/\/moninalopez.com.ar\/index.php?rest_route=\/wp\/v2\/pages"}],"about":[{"href":"https:\/\/moninalopez.com.ar\/index.php?rest_route=\/wp\/v2\/types\/page"}],"author":[{"embeddable":true,"href":"https:\/\/moninalopez.com.ar\/index.php?rest_route=\/wp\/v2\/users\/1"}],"replies":[{"embeddable":true,"href":"https:\/\/moninalopez.com.ar\/index.php?rest_route=%2Fwp%2Fv2%2Fcomments&post=193"}],"version-history":[{"count":11,"href":"https:\/\/moninalopez.com.ar\/index.php?rest_route=\/wp\/v2\/pages\/193\/revisions"}],"predecessor-version":[{"id":196,"href":"https:\/\/moninalopez.com.ar\/index.php?rest_route=\/wp\/v2\/pages\/193\/revisions\/196"}],"wp:attachment":[{"href":"https:\/\/moninalopez.com.ar\/index.php?rest_route=%2Fwp%2Fv2%2Fmedia&parent=193"}],"curies":[{"name":"wp","href":"https:\/\/api.w.org\/{rel}","templated":true}]}}