{"id":211,"date":"2013-03-20T19:57:46","date_gmt":"2013-03-20T19:57:46","guid":{"rendered":"http:\/\/moninalopez.com.ar\/?page_id=211"},"modified":"2013-09-12T15:47:03","modified_gmt":"2013-09-12T15:47:03","slug":"la-canada-polo-club","status":"publish","type":"page","link":"https:\/\/moninalopez.com.ar\/?page_id=211","title":{"rendered":"La Ca\u00f1ada Polo Club"},"content":{"rendered":"<h5>La Ca\u00f1ada Polo Club<\/h5>\n<p>Est\u00e1 formada por una a\u00f1osa arboleda con 70 hect\u00e1reas con 86 lotes de 2200 a 4000 m2, terrenos. El polo es el sello distintivo de este club de campo cuyo dise\u00f1o urban\u00edstico prioriza los espacios verdes sobre las construcciones. S\u00f3lo 22 de sus 70 hect\u00e1reas est\u00e1n destinadas al loteo, lo que permite a los residentes disfrutar de horizontes extendidos.<\/p>\n<div style=\"margin:30px 0 0 0;\"><\/div>\n<h6><a href=\"?location=la-canada-polo-club&#038;property-category=en-venta\">Casas y terrenos en venta<\/a><\/h6>\n<h6><a href=\"?location=la-canada-polo-club&#038;property-category=en-alquiler\">Casas y terrenos en alquiler<\/a><\/h6>\n<h6>Servicios, Infraestructura y Deportes<\/h6>\n<p>\u2022  Club House.<br \/>\n\u2022  Canchas de Polo, caballerizas, los corrales y la pista de vareo.<br \/>\n\u2022  Canchas de Tenis.<br \/>\n\u2022  Canchas de Paddle.<br \/>\n\u2022  Pileta de nataci\u00f3n.<br \/>\n\u2022  Seguridad, control de acceso.<br \/>\n\u2022  Gas natural, electricidad, pavimento en sus calles.<\/p>\n<div style=\"margin:30px 0 0 0;\"><\/div>\n<h6>Ubicaci\u00f3n<\/h6>\n<p><iframe loading=\"lazy\" width=\"100%\" height=\"300\" frameborder=\"0\" scrolling=\"no\" marginheight=\"0\" marginwidth=\"0\" src=\"https:\/\/maps.google.com.ar\/maps\/ms?msa=0&amp;msid=209953901973243859092.0004d860019255000d62f&amp;ie=UTF8&amp;t=h&amp;ll=-34.503727,-59.047351&amp;spn=0.01061,0.019269&amp;z=15&amp;output=embed\"><\/iframe><br \/><small>Ver <a href=\"https:\/\/maps.google.com.ar\/maps\/ms?msa=0&amp;msid=209953901973243859092.0004d860019255000d62f&amp;ie=UTF8&amp;t=h&amp;ll=-34.503727,-59.047351&amp;spn=0.01061,0.019269&amp;z=15&amp;source=embed\" style=\"color:#0000FF;text-align:left\">La Ca\u00f1ada Polo Club<\/a> en un mapa m\u00e1s grande<\/small><\/p>\n<div style=\"margin:30px 0 0 0;\"><\/div>\n<h6><a href=\"?page_id=134\">Volver<\/a><\/h6>\n","protected":false},"excerpt":{"rendered":"<p>La Ca\u00f1ada Polo Club Est\u00e1 formada por una a\u00f1osa arboleda con 70 hect\u00e1reas con 86 lotes de 2200 a 4000 m2, terrenos. El polo es el sello distintivo de este club de campo cuyo dise\u00f1o urban\u00edstico prioriza los espacios verdes sobre las construcciones. S\u00f3lo 22 de sus 70 hect\u00e1reas est\u00e1n destinadas al loteo, lo que <a class=\"moretag\" href=\"https:\/\/moninalopez.com.ar\/?page_id=211\">&rarr; M\u00e1s info<\/a><\/p>\n","protected":false},"author":1,"featured_media":0,"parent":0,"menu_order":0,"comment_status":"closed","ping_status":"closed","template":"","meta":{"footnotes":""},"class_list":["post-211","page","type-page","status-publish","hentry"],"_links":{"self":[{"href":"https:\/\/moninalopez.com.ar\/index.php?rest_route=\/wp\/v2\/pages\/211","targetHints":{"allow":["GET"]}}],"collection":[{"href":"https:\/\/moninalopez.com.ar\/index.php?rest_route=\/wp\/v2\/pages"}],"about":[{"href":"https:\/\/moninalopez.com.ar\/index.php?rest_route=\/wp\/v2\/types\/page"}],"author":[{"embeddable":true,"href":"https:\/\/moninalopez.com.ar\/index.php?rest_route=\/wp\/v2\/users\/1"}],"replies":[{"embeddable":true,"href":"https:\/\/moninalopez.com.ar\/index.php?rest_route=%2Fwp%2Fv2%2Fcomments&post=211"}],"version-history":[{"count":7,"href":"https:\/\/moninalopez.com.ar\/index.php?rest_route=\/wp\/v2\/pages\/211\/revisions"}],"predecessor-version":[{"id":213,"href":"https:\/\/moninalopez.com.ar\/index.php?rest_route=\/wp\/v2\/pages\/211\/revisions\/213"}],"wp:attachment":[{"href":"https:\/\/moninalopez.com.ar\/index.php?rest_route=%2Fwp%2Fv2%2Fmedia&parent=211"}],"curies":[{"name":"wp","href":"https:\/\/api.w.org\/{rel}","templated":true}]}}