{"id":217,"date":"2013-03-20T20:07:28","date_gmt":"2013-03-20T20:07:28","guid":{"rendered":"http:\/\/moninalopez.com.ar\/?page_id=217"},"modified":"2013-09-12T15:50:29","modified_gmt":"2013-09-12T15:50:29","slug":"match-point","status":"publish","type":"page","link":"https:\/\/moninalopez.com.ar\/?page_id=217","title":{"rendered":"Match Point"},"content":{"rendered":"<h5>Match Point<\/h5>\n<p>Est\u00e1 formado por 80 hect\u00e1reas con infraestructura social y deportiva, donde reina la tranquilidad y privacidad.<br \/>\nDispone de un club house, pileta de nataci\u00f3n, canchas de f\u00fatbol y de tenis.<br \/>\nEn infraestructura de servicio encontramos servicios de electricidad, telefon\u00eda, alumbrado p\u00fablico y port\u00f3n de acceso con seguridad.<\/p>\n<div style=\"margin:30px 0 0 0;\"><\/div>\n<h6><a href=\"?location=match-point&#038;property-category=en-venta\">Casas y terrenos en venta<\/a><\/h6>\n<h6><a href=\"?location=match-point&#038;property-category=en-alquiler\">Casas y terrenos en alquiler<\/a><\/h6>\n<h6><a href=\"?page_id=134\">Volver<\/a><\/h6>\n<div style=\"margin:40px 0 0 0;\"><\/div>\n<h6>Ubicaci\u00f3n<\/h6>\n<p><iframe loading=\"lazy\" width=\"100%\" height=\"300\" frameborder=\"0\" scrolling=\"no\" marginheight=\"0\" marginwidth=\"0\" src=\"https:\/\/maps.google.com.ar\/maps\/ms?msa=0&amp;msid=209953901973243859092.0004d860019255000d62f&amp;ie=UTF8&amp;t=h&amp;ll=-34.530318,-59.130049&amp;spn=0.010606,0.019355&amp;z=15&amp;output=embed\"><\/iframe><br \/><small>Ver <a href=\"https:\/\/maps.google.com.ar\/maps\/ms?msa=0&amp;msid=209953901973243859092.0004d860019255000d62f&amp;ie=UTF8&amp;t=h&amp;ll=-34.530318,-59.130049&amp;spn=0.010606,0.019355&amp;z=15&amp;source=embed\" style=\"color:#0000FF;text-align:left\">Match Point<\/a> en un mapa m\u00e1s grande<\/small><\/p>\n","protected":false},"excerpt":{"rendered":"<p>Match Point Est\u00e1 formado por 80 hect\u00e1reas con infraestructura social y deportiva, donde reina la tranquilidad y privacidad. Dispone de un club house, pileta de nataci\u00f3n, canchas de f\u00fatbol y de tenis. En infraestructura de servicio encontramos servicios de electricidad, telefon\u00eda, alumbrado p\u00fablico y port\u00f3n de acceso con seguridad. Casas y terrenos en venta Casas <a class=\"moretag\" href=\"https:\/\/moninalopez.com.ar\/?page_id=217\">&rarr; M\u00e1s info<\/a><\/p>\n","protected":false},"author":1,"featured_media":0,"parent":0,"menu_order":0,"comment_status":"closed","ping_status":"closed","template":"","meta":{"footnotes":""},"class_list":["post-217","page","type-page","status-publish","hentry"],"_links":{"self":[{"href":"https:\/\/moninalopez.com.ar\/index.php?rest_route=\/wp\/v2\/pages\/217","targetHints":{"allow":["GET"]}}],"collection":[{"href":"https:\/\/moninalopez.com.ar\/index.php?rest_route=\/wp\/v2\/pages"}],"about":[{"href":"https:\/\/moninalopez.com.ar\/index.php?rest_route=\/wp\/v2\/types\/page"}],"author":[{"embeddable":true,"href":"https:\/\/moninalopez.com.ar\/index.php?rest_route=\/wp\/v2\/users\/1"}],"replies":[{"embeddable":true,"href":"https:\/\/moninalopez.com.ar\/index.php?rest_route=%2Fwp%2Fv2%2Fcomments&post=217"}],"version-history":[{"count":12,"href":"https:\/\/moninalopez.com.ar\/index.php?rest_route=\/wp\/v2\/pages\/217\/revisions"}],"predecessor-version":[{"id":683,"href":"https:\/\/moninalopez.com.ar\/index.php?rest_route=\/wp\/v2\/pages\/217\/revisions\/683"}],"wp:attachment":[{"href":"https:\/\/moninalopez.com.ar\/index.php?rest_route=%2Fwp%2Fv2%2Fmedia&parent=217"}],"curies":[{"name":"wp","href":"https:\/\/api.w.org\/{rel}","templated":true}]}}