{"id":276,"date":"2013-04-05T15:36:34","date_gmt":"2013-04-05T15:36:34","guid":{"rendered":"http:\/\/moninalopez.com.ar\/?page_id=276"},"modified":"2013-10-24T12:52:15","modified_gmt":"2013-10-24T12:52:15","slug":"terrenos-en-venta","status":"publish","type":"page","link":"https:\/\/moninalopez.com.ar\/?page_id=276","title":{"rendered":"Terrenos en venta"},"content":{"rendered":"<p>Disponemos de una amplia oferta de lotes de 600, 900,1100 y1500 m2, en todas las ubicaciones que satisfacen las exigencias de la demanda: Golf. Polo y Espacios Verdes.<br \/>\nTodos acompa\u00f1an  esta \u00fanica y espectacular  urbanizaci\u00f3n que permite disfrutar siempre de los grandes  fondos libres, absolutamente parquizados y forestados. <\/p>\n<p>Si tiene alguna pregunta no dude en contactarse con nosotros.<br \/>\nLl\u00e1menos al: (02323) 496340 \/ (011) 154-4743689 \/ 154-4976496.<br \/>\nCont\u00e1ctenos por email a <a href=\"mailto:hl@moninalopez.com.ar\">hl@moninalopez.com.ar<\/a> o <a href=\"https:\/\/moninalopez.com.ar\/?page_id=121\" title=\"Cont\u00e1ctenos\">haciendo click aqu\u00ed<\/a>.<\/p>\n<div style=\"margin:25px 0 0 0;\"><\/div>\n<h6><a href=\"?page_id=20\">Volver<\/a><\/h6>\n","protected":false},"excerpt":{"rendered":"<p>Disponemos de una amplia oferta de lotes de 600, 900,1100 y1500 m2, en todas las ubicaciones que satisfacen las exigencias de la demanda: Golf. Polo y Espacios Verdes. Todos acompa\u00f1an esta \u00fanica y espectacular urbanizaci\u00f3n que permite disfrutar siempre de los grandes fondos libres, absolutamente parquizados y forestados. Si tiene alguna pregunta no dude en <a class=\"moretag\" href=\"https:\/\/moninalopez.com.ar\/?page_id=276\">&rarr; M\u00e1s info<\/a><\/p>\n","protected":false},"author":1,"featured_media":0,"parent":0,"menu_order":0,"comment_status":"closed","ping_status":"closed","template":"","meta":{"footnotes":""},"class_list":["post-276","page","type-page","status-publish","hentry"],"_links":{"self":[{"href":"https:\/\/moninalopez.com.ar\/index.php?rest_route=\/wp\/v2\/pages\/276","targetHints":{"allow":["GET"]}}],"collection":[{"href":"https:\/\/moninalopez.com.ar\/index.php?rest_route=\/wp\/v2\/pages"}],"about":[{"href":"https:\/\/moninalopez.com.ar\/index.php?rest_route=\/wp\/v2\/types\/page"}],"author":[{"embeddable":true,"href":"https:\/\/moninalopez.com.ar\/index.php?rest_route=\/wp\/v2\/users\/1"}],"replies":[{"embeddable":true,"href":"https:\/\/moninalopez.com.ar\/index.php?rest_route=%2Fwp%2Fv2%2Fcomments&post=276"}],"version-history":[{"count":17,"href":"https:\/\/moninalopez.com.ar\/index.php?rest_route=\/wp\/v2\/pages\/276\/revisions"}],"predecessor-version":[{"id":781,"href":"https:\/\/moninalopez.com.ar\/index.php?rest_route=\/wp\/v2\/pages\/276\/revisions\/781"}],"wp:attachment":[{"href":"https:\/\/moninalopez.com.ar\/index.php?rest_route=%2Fwp%2Fv2%2Fmedia&parent=276"}],"curies":[{"name":"wp","href":"https:\/\/api.w.org\/{rel}","templated":true}]}}