{"id":592,"date":"2013-09-03T20:54:13","date_gmt":"2013-09-03T20:54:13","guid":{"rendered":"http:\/\/moninalopez.com.ar\/?page_id=592"},"modified":"2013-09-12T15:53:14","modified_gmt":"2013-09-12T15:53:14","slug":"lomas-de-san-francisco","status":"publish","type":"page","link":"https:\/\/moninalopez.com.ar\/?page_id=592","title":{"rendered":"Lomas de San Francisco"},"content":{"rendered":"<h5>Lomas de San Francisco<\/h5>\n<p>Vecino al pueblo Open Door, se caracteriza por la paz de su entorno rural y la ondulaci\u00f3n de su topograf\u00eda. A solo 5 minutos de la Ciudad de Luj\u00e1n y a 45 de la Ciudad Aut\u00f3noma de Buenos Aires, un espacio \u00fanico en una de las zonas m\u00e1s exclusivas y con m\u00e1s crecimiento de la provincia. Con un dise\u00f1o de urbanizaci\u00f3n basado en mantener la privacidad de sus habitantes se despliegan, entre araucarias, robles, omb\u00faes y pinos, 100 lotes de 1500 metros cuadrados que convierten a Lomas de San Francisco en un microclima.<br \/>\nUn \u00edntimo rinc\u00f3n de 19 hect\u00e1reas, privilegiado por su ubicaci\u00f3n estrat\u00e9gica y su riqueza forestal; con un acogedor sector de \u00e1reas comunes que incluye club house, restaurante, pileta de nataci\u00f3n, cancha de tenis y circuitos para caminar, correr o pasear en bicicleta bajo el encantamiento de la flora y la fauna caracter\u00edsticas de la zona.<\/p>\n<div style=\"margin:30px 0 0 0;\"><\/div>\n<h6><a href=\"?location=lomas-de-san-francisco&#038;property-category=en-venta\">Casas y terrenos en venta<\/a><\/h6>\n<h6><a href=\"?location=lomas-de-san-francisco&#038;property-category=en-alquiler\">Casas y terrenos en alquiler<\/a><\/h6>\n<h6>Servicios, Infraestructura y Deportes<\/h6>\n<p>\u2022  Club House.<br \/>\n\u2022  Canchas de Tenis.<br \/>\n\u2022  Seguridad, control de acceso.<br \/>\n\u2022  Gas natural, electricidad, pavimento en sus calles.<\/p>\n<div style=\"margin:30px 0 0 0;\"><\/div>\n<h6>Ubicaci\u00f3n<\/h6>\n<p><iframe loading=\"lazy\" width=\"100%\" height=\"300\" frameborder=\"0\" scrolling=\"no\" marginheight=\"0\" marginwidth=\"0\" src=\"https:\/\/maps.google.com\/maps\/ms?msa=0&amp;msid=209953901973243859092.0004d860019255000d62f&amp;ie=UTF8&amp;t=h&amp;ll=-34.496866,-59.082069&amp;spn=0.012379,0.018239&amp;z=15&amp;output=embed\"><\/iframe><br \/><small>Ver <a href=\"https:\/\/maps.google.com\/maps\/ms?msa=0&amp;msid=209953901973243859092.0004d860019255000d62f&amp;ie=UTF8&amp;t=h&amp;ll=-34.496866,-59.082069&amp;spn=0.012379,0.018239&amp;z=15&amp;source=embed\" style=\"color:#0000FF;text-align:left\">Lomas de San Francisco<\/a> en un mapa m\u00e1s grande<\/small><\/p>\n<div style=\"margin:30px 0 0 0;\"><\/div>\n<h6><a href=\"?page_id=134\">Volver<\/a><\/h6>\n","protected":false},"excerpt":{"rendered":"<p>Lomas de San Francisco Vecino al pueblo Open Door, se caracteriza por la paz de su entorno rural y la ondulaci\u00f3n de su topograf\u00eda. A solo 5 minutos de la Ciudad de Luj\u00e1n y a 45 de la Ciudad Aut\u00f3noma de Buenos Aires, un espacio \u00fanico en una de las zonas m\u00e1s exclusivas y con <a class=\"moretag\" href=\"https:\/\/moninalopez.com.ar\/?page_id=592\">&rarr; M\u00e1s info<\/a><\/p>\n","protected":false},"author":1,"featured_media":0,"parent":0,"menu_order":0,"comment_status":"closed","ping_status":"closed","template":"","meta":{"footnotes":""},"class_list":["post-592","page","type-page","status-publish","hentry"],"_links":{"self":[{"href":"https:\/\/moninalopez.com.ar\/index.php?rest_route=\/wp\/v2\/pages\/592","targetHints":{"allow":["GET"]}}],"collection":[{"href":"https:\/\/moninalopez.com.ar\/index.php?rest_route=\/wp\/v2\/pages"}],"about":[{"href":"https:\/\/moninalopez.com.ar\/index.php?rest_route=\/wp\/v2\/types\/page"}],"author":[{"embeddable":true,"href":"https:\/\/moninalopez.com.ar\/index.php?rest_route=\/wp\/v2\/users\/1"}],"replies":[{"embeddable":true,"href":"https:\/\/moninalopez.com.ar\/index.php?rest_route=%2Fwp%2Fv2%2Fcomments&post=592"}],"version-history":[{"count":8,"href":"https:\/\/moninalopez.com.ar\/index.php?rest_route=\/wp\/v2\/pages\/592\/revisions"}],"predecessor-version":[{"id":685,"href":"https:\/\/moninalopez.com.ar\/index.php?rest_route=\/wp\/v2\/pages\/592\/revisions\/685"}],"wp:attachment":[{"href":"https:\/\/moninalopez.com.ar\/index.php?rest_route=%2Fwp%2Fv2%2Fmedia&parent=592"}],"curies":[{"name":"wp","href":"https:\/\/api.w.org\/{rel}","templated":true}]}}