{"id":599,"date":"2013-09-03T21:10:22","date_gmt":"2013-09-03T21:10:22","guid":{"rendered":"http:\/\/moninalopez.com.ar\/?page_id=599"},"modified":"2013-09-12T15:56:09","modified_gmt":"2013-09-12T15:56:09","slug":"santa-catalina","status":"publish","type":"page","link":"https:\/\/moninalopez.com.ar\/?page_id=599","title":{"rendered":"Santa Catalina"},"content":{"rendered":"<h5>Santa Catalina<\/h5>\n<p>Vida al aire libre y Esparcimiento. Nada mejor que Santa Catalina para vivir en permanente contacto con la naturaleza. El Casco organizado con todos los servicios y la infraestructura necesaria: pileta, solarium, club house, administraci\u00f3n, gimnasio, sala de lectura, restaurant. Dos canchas de polo, \u00e1rea de boxes y corrales.<\/p>\n<p>Privacidad y Tranquilidad, dadas por el dise\u00f1o de amplios lotes de entre 2000 y 5000 m2 y la superficie com\u00fan de 27 has. de espacios verdes. Los Dormies, inaugurados en el a\u00f1o 2003, amplios departamentos de 1 y 2 dormitorios con galer\u00edas propias, son una opci\u00f3n diferente para acceder a Santa Catalina.<\/p>\n<p>Cercan\u00eda y f\u00e1cil acceso, a metros de la Ruta 6. a s\u00f3lo 50 minutos del centro de la Capital, tanto desde el Acceso Oeste como del Acceso Norte. Su proximidad a importantes localidades como Luj\u00e1n, Pilar, Manzanares y Open Door, brindan un marco de servicios accesibles en pocos minutos.<\/p>\n<div style=\"margin:30px 0 0 0;\"><\/div>\n<h6><a href=\"?location=santa-catalina&#038;property-category=en-venta\">Casas y terrenos en venta<\/a><\/h6>\n<h6><a href=\"?location=santa-catalina&#038;property-category=en-alquiler\">Casas y terrenos en alquiler<\/a><\/h6>\n<h6>Servicios, Infraestructura y Deportes<\/h6>\n<p>\u2022  Club House.<br \/>\n\u2022  Canchas de Polo.<br \/>\n\u2022  Pileta.<br \/>\n\u2022  Solarium.<br \/>\n\u2022  Seguridad, control de acceso.<br \/>\n\u2022  Restaurant.<\/p>\n<div style=\"margin:30px 0 0 0;\"><\/div>\n<h6>Ubicaci\u00f3n<\/h6>\n<p><iframe loading=\"lazy\" width=\"100%\" height=\"300\" frameborder=\"0\" scrolling=\"no\" marginheight=\"0\" marginwidth=\"0\" src=\"https:\/\/maps.google.com\/maps\/ms?msa=0&amp;msid=209953901973243859092.0004d860019255000d62f&amp;ie=UTF8&amp;t=h&amp;ll=-34.470264,-59.05735&amp;spn=0.024766,0.036478&amp;z=14&amp;output=embed\"><\/iframe><br \/><small>Ver<a href=\"https:\/\/maps.google.com\/maps\/ms?msa=0&amp;msid=209953901973243859092.0004d860019255000d62f&amp;ie=UTF8&amp;t=h&amp;ll=-34.470264,-59.05735&amp;spn=0.024766,0.036478&amp;z=14&amp;source=embed\" style=\"color:#0000FF;text-align:left\">Santa Catalina<\/a> en un mapa m\u00e1s grande<\/small><\/p>\n<div style=\"margin:30px 0 0 0;\"><\/div>\n<h6><a href=\"?page_id=134\">Volver<\/a><\/h6>\n","protected":false},"excerpt":{"rendered":"<p>Santa Catalina Vida al aire libre y Esparcimiento. Nada mejor que Santa Catalina para vivir en permanente contacto con la naturaleza. El Casco organizado con todos los servicios y la infraestructura necesaria: pileta, solarium, club house, administraci\u00f3n, gimnasio, sala de lectura, restaurant. Dos canchas de polo, \u00e1rea de boxes y corrales. Privacidad y Tranquilidad, dadas <a class=\"moretag\" href=\"https:\/\/moninalopez.com.ar\/?page_id=599\">&rarr; M\u00e1s info<\/a><\/p>\n","protected":false},"author":1,"featured_media":0,"parent":0,"menu_order":0,"comment_status":"closed","ping_status":"closed","template":"","meta":{"footnotes":""},"class_list":["post-599","page","type-page","status-publish","hentry"],"_links":{"self":[{"href":"https:\/\/moninalopez.com.ar\/index.php?rest_route=\/wp\/v2\/pages\/599","targetHints":{"allow":["GET"]}}],"collection":[{"href":"https:\/\/moninalopez.com.ar\/index.php?rest_route=\/wp\/v2\/pages"}],"about":[{"href":"https:\/\/moninalopez.com.ar\/index.php?rest_route=\/wp\/v2\/types\/page"}],"author":[{"embeddable":true,"href":"https:\/\/moninalopez.com.ar\/index.php?rest_route=\/wp\/v2\/users\/1"}],"replies":[{"embeddable":true,"href":"https:\/\/moninalopez.com.ar\/index.php?rest_route=%2Fwp%2Fv2%2Fcomments&post=599"}],"version-history":[{"count":5,"href":"https:\/\/moninalopez.com.ar\/index.php?rest_route=\/wp\/v2\/pages\/599\/revisions"}],"predecessor-version":[{"id":686,"href":"https:\/\/moninalopez.com.ar\/index.php?rest_route=\/wp\/v2\/pages\/599\/revisions\/686"}],"wp:attachment":[{"href":"https:\/\/moninalopez.com.ar\/index.php?rest_route=%2Fwp%2Fv2%2Fmedia&parent=599"}],"curies":[{"name":"wp","href":"https:\/\/api.w.org\/{rel}","templated":true}]}}