{"id":607,"date":"2013-09-03T21:34:29","date_gmt":"2013-09-03T21:34:29","guid":{"rendered":"http:\/\/moninalopez.com.ar\/?page_id=607"},"modified":"2013-09-12T15:57:57","modified_gmt":"2013-09-12T15:57:57","slug":"everlinks","status":"publish","type":"page","link":"https:\/\/moninalopez.com.ar\/?page_id=607","title":{"rendered":"Everlinks"},"content":{"rendered":"<h5>Everlinks<\/h5>\n<p>En 262 hect\u00e1reas de campo con herencia de la tradicional Estancia San Jos\u00e9 y sobre 3 so\u00f1ados kil\u00f3metros de costa del r\u00edo Luj\u00e1n, se extiende Everlinks, un destacable country club dise\u00f1ado sobre la mas extensa cancha de golf de nivel profesional de Latinoam\u00e9rica. Los 370 lotes desde 2.000 m2 que rodean los 18 hoyos, fueron especialmente pensados para privilegiar la vista al golf y su paisaje. Sumando a esto, la seguridad; los servicios de un exquisito Club House; un especial Village de mas de 100 unidades; \u00e1rea deportiva y un excelente acceso a poco mas de media hora de Capital Federal.<br \/>\n\u201cEverlinks Riverside &#038; Golf\u201d Club de Campo es la realizaci\u00f3n de un proyecto inmobiliario de un grupo de personas motivadas por un \u00fanico objetivo: congregar amigos y familiares en un entorno sano y natural, acogedor, de alto nivel golf\u00edstico, y por sobretodo de buen gusto.<\/p>\n<div style=\"margin:30px 0 0 0;\"><\/div>\n<h6><a href=\"?location=everlinks&#038;property-category=en-venta\">Casas y terrenos en venta<\/a><\/h6>\n<h6><a href=\"?location=everlinks&#038;property-category=en-alquiler\">Casas y terrenos en alquiler<\/a><\/h6>\n<div style=\"margin:30px 0 0 0;\"><\/div>\n<h6>Ubicaci\u00f3n<\/h6>\n<p><iframe loading=\"lazy\" width=\"100%\" height=\"300\" frameborder=\"0\" scrolling=\"no\" marginheight=\"0\" marginwidth=\"0\" src=\"https:\/\/maps.google.com\/maps\/ms?msa=0&amp;msid=209953901973243859092.0004d860019255000d62f&amp;ie=UTF8&amp;t=h&amp;ll=-34.5335,-59.076405&amp;spn=0.024747,0.036478&amp;z=14&amp;output=embed\"><\/iframe><br \/><small>Ver <a href=\"https:\/\/maps.google.com\/maps\/ms?msa=0&amp;msid=209953901973243859092.0004d860019255000d62f&amp;ie=UTF8&amp;t=h&amp;ll=-34.5335,-59.076405&amp;spn=0.024747,0.036478&amp;z=14&amp;source=embed\" style=\"color:#0000FF;text-align:left\">Everlinks<\/a> en un mapa m\u00e1s grande<\/small><\/p>\n<div style=\"margin:30px 0 0 0;\"><\/div>\n<h6><a href=\"?page_id=134\">Volver<\/a><\/h6>\n","protected":false},"excerpt":{"rendered":"<p>Everlinks En 262 hect\u00e1reas de campo con herencia de la tradicional Estancia San Jos\u00e9 y sobre 3 so\u00f1ados kil\u00f3metros de costa del r\u00edo Luj\u00e1n, se extiende Everlinks, un destacable country club dise\u00f1ado sobre la mas extensa cancha de golf de nivel profesional de Latinoam\u00e9rica. Los 370 lotes desde 2.000 m2 que rodean los 18 hoyos, <a class=\"moretag\" href=\"https:\/\/moninalopez.com.ar\/?page_id=607\">&rarr; M\u00e1s info<\/a><\/p>\n","protected":false},"author":1,"featured_media":0,"parent":0,"menu_order":0,"comment_status":"closed","ping_status":"closed","template":"","meta":{"footnotes":""},"class_list":["post-607","page","type-page","status-publish","hentry"],"_links":{"self":[{"href":"https:\/\/moninalopez.com.ar\/index.php?rest_route=\/wp\/v2\/pages\/607","targetHints":{"allow":["GET"]}}],"collection":[{"href":"https:\/\/moninalopez.com.ar\/index.php?rest_route=\/wp\/v2\/pages"}],"about":[{"href":"https:\/\/moninalopez.com.ar\/index.php?rest_route=\/wp\/v2\/types\/page"}],"author":[{"embeddable":true,"href":"https:\/\/moninalopez.com.ar\/index.php?rest_route=\/wp\/v2\/users\/1"}],"replies":[{"embeddable":true,"href":"https:\/\/moninalopez.com.ar\/index.php?rest_route=%2Fwp%2Fv2%2Fcomments&post=607"}],"version-history":[{"count":8,"href":"https:\/\/moninalopez.com.ar\/index.php?rest_route=\/wp\/v2\/pages\/607\/revisions"}],"predecessor-version":[{"id":688,"href":"https:\/\/moninalopez.com.ar\/index.php?rest_route=\/wp\/v2\/pages\/607\/revisions\/688"}],"wp:attachment":[{"href":"https:\/\/moninalopez.com.ar\/index.php?rest_route=%2Fwp%2Fv2%2Fmedia&parent=607"}],"curies":[{"name":"wp","href":"https:\/\/api.w.org\/{rel}","templated":true}]}}