{"id":615,"date":"2013-09-04T14:14:22","date_gmt":"2013-09-04T14:14:22","guid":{"rendered":"http:\/\/moninalopez.com.ar\/?page_id=615"},"modified":"2013-09-12T15:59:24","modified_gmt":"2013-09-12T15:59:24","slug":"comarcas-de-lujan","status":"publish","type":"page","link":"https:\/\/moninalopez.com.ar\/?page_id=615","title":{"rendered":"Comarcas de Luj\u00e1n"},"content":{"rendered":"<h5>Comarcas de Luj\u00e1n<\/h5>\n<p>Sobre 550 has de tierra con una profusa y a\u00f1osa arboleda y sobre lo que fue una de las estancias m\u00e1s tradicionales de la provincia de Buenos Aires se emplaza Comarcas de Lujan.<br \/>\nCinco Clubes de Chacras, un Centro de Servicios, un Colegio Triling\u00fce, un \u00c1rea de Gastronom\u00eda y Hoteler\u00eda conforman el primer megaemprendimiento de Chacras en la zona oeste.<br \/>\nLos Barrios se interrelacionan entre s\u00ed a trav\u00e9s de medios circundantes, favoreciendo a la seguridad, mediante los distintos puestos de guardias y permitiendo a los propietarios disfrutar de las distintas actividades que ofrece cada uno de ellos.<br \/>\nLos cinco Clubes de Chacras que conforman Comarcas de Luj\u00e1n cuentan con tendido subterr\u00e1neo de energ\u00eda el\u00e9ctrica y gas natural. Cerco perimetral ol\u00edmpico. Seguridad las 24 hs.<\/p>\n<div style=\"margin:30px 0 0 0;\"><\/div>\n<h6><a href=\"?location=comarcas-de-lujan&#038;property-category=en-venta\">Casas y terrenos en venta<\/a><\/h6>\n<h6><a href=\"?location=comarcas-de-lujan&#038;property-category=en-alquiler\">Casas y terrenos en alquiler<\/a><\/h6>\n<div style=\"margin:30px 0 0 0;\"><\/div>\n<h6>Ubicaci\u00f3n<\/h6>\n<p><iframe loading=\"lazy\" width=\"100%\" height=\"300\" frameborder=\"0\" scrolling=\"no\" marginheight=\"0\" marginwidth=\"0\" src=\"https:\/\/maps.google.com.ar\/maps\/ms?msa=0&amp;msid=209953901973243859092.0004d860019255000d62f&amp;ie=UTF8&amp;t=h&amp;ll=-34.547181,-59.047008&amp;spn=0.012372,0.018239&amp;z=15&amp;output=embed\"><\/iframe><br \/><small>Ver <a href=\"https:\/\/maps.google.com.ar\/maps\/ms?msa=0&amp;msid=209953901973243859092.0004d860019255000d62f&amp;ie=UTF8&amp;t=h&amp;ll=-34.547181,-59.047008&amp;spn=0.012372,0.018239&amp;z=15&amp;source=embed\" style=\"color:#0000FF;text-align:left\">Comarcas de Luj\u00e1n<\/a> en un mapa m\u00e1s grande<\/small><\/p>\n<div style=\"margin:30px 0 0 0;\"><\/div>\n<h6><a href=\"?page_id=134\">Volver<\/a><\/h6>\n","protected":false},"excerpt":{"rendered":"<p>Comarcas de Luj\u00e1n Sobre 550 has de tierra con una profusa y a\u00f1osa arboleda y sobre lo que fue una de las estancias m\u00e1s tradicionales de la provincia de Buenos Aires se emplaza Comarcas de Lujan. Cinco Clubes de Chacras, un Centro de Servicios, un Colegio Triling\u00fce, un \u00c1rea de Gastronom\u00eda y Hoteler\u00eda conforman el <a class=\"moretag\" href=\"https:\/\/moninalopez.com.ar\/?page_id=615\">&rarr; M\u00e1s info<\/a><\/p>\n","protected":false},"author":1,"featured_media":0,"parent":0,"menu_order":0,"comment_status":"closed","ping_status":"closed","template":"","meta":{"footnotes":""},"class_list":["post-615","page","type-page","status-publish","hentry"],"_links":{"self":[{"href":"https:\/\/moninalopez.com.ar\/index.php?rest_route=\/wp\/v2\/pages\/615","targetHints":{"allow":["GET"]}}],"collection":[{"href":"https:\/\/moninalopez.com.ar\/index.php?rest_route=\/wp\/v2\/pages"}],"about":[{"href":"https:\/\/moninalopez.com.ar\/index.php?rest_route=\/wp\/v2\/types\/page"}],"author":[{"embeddable":true,"href":"https:\/\/moninalopez.com.ar\/index.php?rest_route=\/wp\/v2\/users\/1"}],"replies":[{"embeddable":true,"href":"https:\/\/moninalopez.com.ar\/index.php?rest_route=%2Fwp%2Fv2%2Fcomments&post=615"}],"version-history":[{"count":4,"href":"https:\/\/moninalopez.com.ar\/index.php?rest_route=\/wp\/v2\/pages\/615\/revisions"}],"predecessor-version":[{"id":689,"href":"https:\/\/moninalopez.com.ar\/index.php?rest_route=\/wp\/v2\/pages\/615\/revisions\/689"}],"wp:attachment":[{"href":"https:\/\/moninalopez.com.ar\/index.php?rest_route=%2Fwp%2Fv2%2Fmedia&parent=615"}],"curies":[{"name":"wp","href":"https:\/\/api.w.org\/{rel}","templated":true}]}}