{"id":8,"date":"2013-03-18T13:06:40","date_gmt":"2013-03-18T13:06:40","guid":{"rendered":"http:\/\/moninalopez.com.ar\/?page_id=8"},"modified":"2016-09-02T03:53:48","modified_gmt":"2016-09-02T03:53:48","slug":"quienes-somos","status":"publish","type":"page","link":"https:\/\/moninalopez.com.ar\/?page_id=8","title":{"rendered":"Qui\u00e9nes somos"},"content":{"rendered":"<h5>Desde 1985 acompa\u00f1ando el desarrollo urban\u00edstico e inmobiliario del Oeste<\/h5>\n<p>Desde entonces y con la misma atenci\u00f3n de siempre nuestra firma le brinda el soporte necesario, para que usted pueda decidir la compra de su propiedad, en un marco de confianza y tranquilidad.<\/p>\n<p>Nuestra extensa trayectoria profesional en operaciones inmobiliarias y nuestro conocimiento de la zona, nos permite ofrecerles un servicio integral de asesoramiento, antes y despu\u00e9s, de haber concretado la compra.<\/p>\n<p>Sabemos que usted esta realizando una opci\u00f3n de vida distinta y le proponemos acompa\u00f1arlo ofreci\u00e9ndole una gran variedad de terreros, casas y bungalows.<\/p>\n<p><span style=\"color:#fff;\">&#8211;<\/span><br \/>\n<span style=\"color:#fff;\">&#8211;<\/span><\/p>\n<p>Hugo Leandro L\u00f3pez<br \/>\nCorredor Publico<br \/>\nMat. 3441  CMCPM<\/p>\n","protected":false},"excerpt":{"rendered":"<p>Desde 1985 acompa\u00f1ando el desarrollo urban\u00edstico e inmobiliario del Oeste Desde entonces y con la misma atenci\u00f3n de siempre nuestra firma le brinda el soporte necesario, para que usted pueda decidir la compra de su propiedad, en un marco de confianza y tranquilidad. Nuestra extensa trayectoria profesional en operaciones inmobiliarias y nuestro conocimiento de la <a class=\"moretag\" href=\"https:\/\/moninalopez.com.ar\/?page_id=8\">&rarr; M\u00e1s info<\/a><\/p>\n","protected":false},"author":1,"featured_media":0,"parent":0,"menu_order":0,"comment_status":"closed","ping_status":"closed","template":"","meta":{"footnotes":""},"class_list":["post-8","page","type-page","status-publish","hentry"],"_links":{"self":[{"href":"https:\/\/moninalopez.com.ar\/index.php?rest_route=\/wp\/v2\/pages\/8","targetHints":{"allow":["GET"]}}],"collection":[{"href":"https:\/\/moninalopez.com.ar\/index.php?rest_route=\/wp\/v2\/pages"}],"about":[{"href":"https:\/\/moninalopez.com.ar\/index.php?rest_route=\/wp\/v2\/types\/page"}],"author":[{"embeddable":true,"href":"https:\/\/moninalopez.com.ar\/index.php?rest_route=\/wp\/v2\/users\/1"}],"replies":[{"embeddable":true,"href":"https:\/\/moninalopez.com.ar\/index.php?rest_route=%2Fwp%2Fv2%2Fcomments&post=8"}],"version-history":[{"count":20,"href":"https:\/\/moninalopez.com.ar\/index.php?rest_route=\/wp\/v2\/pages\/8\/revisions"}],"predecessor-version":[{"id":1525,"href":"https:\/\/moninalopez.com.ar\/index.php?rest_route=\/wp\/v2\/pages\/8\/revisions\/1525"}],"wp:attachment":[{"href":"https:\/\/moninalopez.com.ar\/index.php?rest_route=%2Fwp%2Fv2%2Fmedia&parent=8"}],"curies":[{"name":"wp","href":"https:\/\/api.w.org\/{rel}","templated":true}]}}