{"id":84,"date":"2013-03-19T19:43:04","date_gmt":"2013-03-19T19:43:04","guid":{"rendered":"http:\/\/moninalopez.com.ar\/?page_id=84"},"modified":"2013-03-19T19:53:12","modified_gmt":"2013-03-19T19:53:12","slug":"infraestructura-social-y-deportiva","status":"publish","type":"page","link":"https:\/\/moninalopez.com.ar\/?page_id=84","title":{"rendered":"Infraestructura Social y Deportiva"},"content":{"rendered":"<h5>Infraestructura social y deportiva<br \/>Club House, \u00c1reas deportivas<\/h5>\n<p>Para darle respuesta a sus inquietudes deportivas, contamos con una de las mejores canchas de golf del pa\u00eds, con 27 hoyos. Y si su pasi\u00f3n son los deportes ecuestres disponemos de 5 canchas de polo y caminos para jinetes.<\/p>\n<p>Tambi\u00e9n contamos con 11 canchas de tenis, 4 canchas de paddle, 3 de f\u00fatbol de nivel profesional, squash, pelota paleta, gimnasio, canchas de hockey y pileta de nataci\u00f3n ol\u00edmpica.<\/p>\n<p>El club house tiene una superficie de 3000 m2 , y cuenta con guarder\u00eda, Restaurants y sal\u00f3n de Juegos.<\/p>\n<p>Se realizan diversos eventos culturales tales como teatro , actividades corales y exposiciones de arte.<\/p>\n<div style=\"margin:25px 0 0 0;\"><\/div>\n<h6><a href=\"?page_id=20\">Volver<\/a><\/h6>\n","protected":false},"excerpt":{"rendered":"<p>Infraestructura social y deportivaClub House, \u00c1reas deportivas Para darle respuesta a sus inquietudes deportivas, contamos con una de las mejores canchas de golf del pa\u00eds, con 27 hoyos. Y si su pasi\u00f3n son los deportes ecuestres disponemos de 5 canchas de polo y caminos para jinetes. Tambi\u00e9n contamos con 11 canchas de tenis, 4 canchas <a class=\"moretag\" href=\"https:\/\/moninalopez.com.ar\/?page_id=84\">&rarr; M\u00e1s info<\/a><\/p>\n","protected":false},"author":1,"featured_media":0,"parent":0,"menu_order":0,"comment_status":"closed","ping_status":"closed","template":"","meta":{"footnotes":""},"class_list":["post-84","page","type-page","status-publish","hentry"],"_links":{"self":[{"href":"https:\/\/moninalopez.com.ar\/index.php?rest_route=\/wp\/v2\/pages\/84","targetHints":{"allow":["GET"]}}],"collection":[{"href":"https:\/\/moninalopez.com.ar\/index.php?rest_route=\/wp\/v2\/pages"}],"about":[{"href":"https:\/\/moninalopez.com.ar\/index.php?rest_route=\/wp\/v2\/types\/page"}],"author":[{"embeddable":true,"href":"https:\/\/moninalopez.com.ar\/index.php?rest_route=\/wp\/v2\/users\/1"}],"replies":[{"embeddable":true,"href":"https:\/\/moninalopez.com.ar\/index.php?rest_route=%2Fwp%2Fv2%2Fcomments&post=84"}],"version-history":[{"count":3,"href":"https:\/\/moninalopez.com.ar\/index.php?rest_route=\/wp\/v2\/pages\/84\/revisions"}],"predecessor-version":[{"id":93,"href":"https:\/\/moninalopez.com.ar\/index.php?rest_route=\/wp\/v2\/pages\/84\/revisions\/93"}],"wp:attachment":[{"href":"https:\/\/moninalopez.com.ar\/index.php?rest_route=%2Fwp%2Fv2%2Fmedia&parent=84"}],"curies":[{"name":"wp","href":"https:\/\/api.w.org\/{rel}","templated":true}]}}