{"id":98,"date":"2013-03-20T12:19:00","date_gmt":"2013-03-20T12:19:00","guid":{"rendered":"http:\/\/moninalopez.com.ar\/?page_id=98"},"modified":"2013-09-13T13:43:38","modified_gmt":"2013-09-13T13:43:38","slug":"otros","status":"publish","type":"page","link":"https:\/\/moninalopez.com.ar\/?page_id=98","title":{"rendered":"Bungalows en venta y\/o alquiler"},"content":{"rendered":"<h5>Bungalows en venta y\/o alquiler<\/h5>\n<p>Nuestros Bungalows son una excelente alternativa de vivienda en Praderas.<br \/>\nEl complejo de 36 unidades, con su \u00fanica y privilegiada ubicaci\u00f3n central, les permite a los usuarios r\u00e1pidamente acceder a las distintas actividades sociales y deportivas.<br \/>\nSu dise\u00f1o arquitect\u00f3nico acompa\u00f1a las caracter\u00edsticas edilicias de Praderas y lo convierten en una opci\u00f3n inmobiliaria de \u00f3ptimos resultados tambi\u00e9n como inversi\u00f3n y rentabilidad.<br \/>\nSi tiene alguna pregunta no dude en contactarse con nosotros.<br \/>\nLl\u00e1menos al: (02323) 496340 \/ (011) 154-4743689 \/ 154-4976496.<br \/>\nCont\u00e1ctenos por email a <a href=\"mailto:ml@moninalopez.com.ar\">ml@moninalopez.com.ar<\/a> o <a href=\"https:\/\/moninalopez.com.ar\/?page_id=121\" title=\"Cont\u00e1ctenos\">haciendo click aqu\u00ed<\/a>.<\/p>\n<div style=\"margin:25px 0 0 0;\"><\/div>\n<h6><a href=\"?page_id=20\">Volver<\/a><\/h6>\n","protected":false},"excerpt":{"rendered":"<p>Bungalows en venta y\/o alquiler Nuestros Bungalows son una excelente alternativa de vivienda en Praderas. El complejo de 36 unidades, con su \u00fanica y privilegiada ubicaci\u00f3n central, les permite a los usuarios r\u00e1pidamente acceder a las distintas actividades sociales y deportivas. Su dise\u00f1o arquitect\u00f3nico acompa\u00f1a las caracter\u00edsticas edilicias de Praderas y lo convierten en una <a class=\"moretag\" href=\"https:\/\/moninalopez.com.ar\/?page_id=98\">&rarr; M\u00e1s info<\/a><\/p>\n","protected":false},"author":1,"featured_media":0,"parent":0,"menu_order":0,"comment_status":"closed","ping_status":"closed","template":"","meta":{"footnotes":""},"class_list":["post-98","page","type-page","status-publish","hentry"],"_links":{"self":[{"href":"https:\/\/moninalopez.com.ar\/index.php?rest_route=\/wp\/v2\/pages\/98","targetHints":{"allow":["GET"]}}],"collection":[{"href":"https:\/\/moninalopez.com.ar\/index.php?rest_route=\/wp\/v2\/pages"}],"about":[{"href":"https:\/\/moninalopez.com.ar\/index.php?rest_route=\/wp\/v2\/types\/page"}],"author":[{"embeddable":true,"href":"https:\/\/moninalopez.com.ar\/index.php?rest_route=\/wp\/v2\/users\/1"}],"replies":[{"embeddable":true,"href":"https:\/\/moninalopez.com.ar\/index.php?rest_route=%2Fwp%2Fv2%2Fcomments&post=98"}],"version-history":[{"count":11,"href":"https:\/\/moninalopez.com.ar\/index.php?rest_route=\/wp\/v2\/pages\/98\/revisions"}],"predecessor-version":[{"id":697,"href":"https:\/\/moninalopez.com.ar\/index.php?rest_route=\/wp\/v2\/pages\/98\/revisions\/697"}],"wp:attachment":[{"href":"https:\/\/moninalopez.com.ar\/index.php?rest_route=%2Fwp%2Fv2%2Fmedia&parent=98"}],"curies":[{"name":"wp","href":"https:\/\/api.w.org\/{rel}","templated":true}]}}